{"id":395,"date":"2024-05-22T09:14:20","date_gmt":"2024-05-22T07:14:20","guid":{"rendered":"https:\/\/lamaisoncarla.fr\/?page_id=395"},"modified":"2024-11-25T15:54:35","modified_gmt":"2024-11-25T14:54:35","slug":"fr_locatie","status":"publish","type":"page","link":"https:\/\/lamaisoncarla.fr\/?page_id=395","title":{"rendered":"FR_Locatie"},"content":{"rendered":"<div id=\"wpgmza_map\" class=\"wpgmza_map\" data-settings='{\"id\":\"1\",\"map_title\":\"My first map\",\"map_width\":\"100\",\"map_height\":\"400\",\"map_start_lat\":\"44.505560735626375\",\"map_start_lng\":\"0.9615733186719734\",\"map_start_location\":\"45.950464398418106,-109.81550500000003\",\"map_start_zoom\":\"14\",\"default_marker\":\"\",\"type\":\"0\",\"alignment\":\"4\",\"directions_enabled\":\"0\",\"styling_enabled\":\"0\",\"styling_json\":\"\",\"active\":\"0\",\"kml\":\"\",\"bicycle\":\"0\",\"traffic\":\"0\",\"dbox\":\"0\",\"dbox_width\":\"\",\"listmarkers\":\"0\",\"listmarkers_advanced\":\"0\",\"filterbycat\":\"0\",\"ugm_enabled\":\"0\",\"ugm_category_enabled\":\"0\",\"fusion\":\"\",\"map_width_type\":\"%\",\"map_height_type\":\"px\",\"mass_marker_support\":\"0\",\"ugm_access\":\"0\",\"order_markers_by\":\"0\",\"order_markers_choice\":\"0\",\"show_user_location\":\"0\",\"default_to\":\"\",\"other_settings\":{\"map_type\":1,\"sl_stroke_color\":\"\",\"sl_fill_color\":\"\",\"sl_stroke_opacity\":\"\",\"sl_fill_opacity\":\"\",\"transport_layer\":false,\"action\":\"wpgmza_save_map\",\"redirect_to\":\"\\\/wp-admin\\\/admin-post.php\",\"map_id\":\"1\",\"http_referer\":\"\\\/wp-admin\\\/admin.php?page=wp-google-maps-menu&amp;amp;action=edit&amp;amp;map_id=1\",\"wpgmza_id\":\"1\",\"wpgmza_start_location\":\"44.505560735626375,0.9615733186719734\",\"wpgmza_start_zoom\":\"14\",\"store_locator_enabled\":false,\"store_locator_search_area\":\"radial\",\"wpgmza_store_locator_radius_style\":\"legacy\",\"wpgmza_store_locator_default_radius\":\"10\",\"store_locator_auto_area_max_zoom\":\"\",\"store_locator_distance\":false,\"wpgmza_store_locator_position\":false,\"store_locator_show_distance\":false,\"store_locator_category\":false,\"wpgmza_store_locator_use_their_location\":false,\"wpgmza_store_locator_bounce\":false,\"wpgmza_sl_animation\":null,\"wpgmza_store_locator_hide_before_search\":false,\"store_locator_query_string\":\"\",\"store_locator_location_placeholder\":\"\",\"store_locator_default_address\":\"\",\"store_locator_name_search\":false,\"store_locator_name_string\":\"\",\"store_locator_not_found_message\":\"\",\"wpgmza_map_align\":\"1\",\"jump_to_nearest_marker_on_initialization\":false,\"automatically_pan_to_users_location\":false,\"override_users_location_zoom_level\":false,\"override_users_location_zoom_levels\":\"\",\"show_distance_from_location\":false,\"map_max_zoom\":\"21\",\"map_min_zoom\":\"0\",\"click_open_link\":false,\"fit_maps_bounds_to_markers\":false,\"fit_maps_bounds_to_markers_after_filtering\":false,\"hide_point_of_interest\":false,\"wpgmza_zoom_on_marker_click\":false,\"wpgmza_zoom_on_marker_click_slider\":\"\",\"close_infowindow_on_map_click\":false,\"disable_lightbox_images\":false,\"use_Raw_Jpeg_Coordinates\":false,\"disable_polygon_info_windows\":false,\"enable_marker_ratings\":false,\"only_load_markers_within_viewport\":false,\"zoom_level_mobile_override_enabled\":false,\"zoom_level_mobile_override\":\"\",\"iw_primary_color\":\"#000000\",\"iw_accent_color\":\"#000000\",\"iw_text_color\":\"#000000\",\"wpgmza_listmarkers_by\":\"0\",\"wpgmza_marker_listing_position\":false,\"zoom_level_on_marker_listing_override\":false,\"zoom_level_on_marker_listing_click\":\"\",\"marker_listing_disable_zoom\":false,\"datatable_no_result_message\":\"\",\"remove_search_box_datables\":false,\"dataTable_pagination_style\":null,\"datatable_search_string\":\"\",\"datatable_result_start\":\"\",\"datatable_result_of\":\"\",\"datatable_result_to\":\"\",\"datatable_result_total\":\"\",\"datatable_result_show\":\"\",\"datatable_result_entries\":\"\",\"wpgmza_savemap\":\"Save Map \\u00bb\"}}' data-map-id='1' Data-maps-engine='open-layers' data-shortcode-attributes='{\"id\":\"1\"}' style=\"display:block; overflow:auto; width:100%; height:400px; float:left;\"><\/div>\n\n\n<p>Utilisez le lien suivant pour voir La Maison Carla sur Google Maps : <a href=\"https:\/\/www.google.com\/maps\/place\/44%C2%B030'53.5%22N+0%C2%B058'08.9%22E\/@44.5148521,0.9665554,1066m\/data=!3m1!1e3!4m4!3m3!8m2!3d44.5148521!4d0.9691303?authuser=0&amp;entry=ttu\">Google Maps<\/a><\/p>\n\n\n\n<p>Le nom de la rue a \u00e9t\u00e9 r\u00e9cemment chang\u00e9. La Maison Carla se trouve donc dans la position unique d&#8217;avoir deux adresses. Selon le type de GPS utilis\u00e9, l&#8217;une des deux adresses vous m\u00e8nera \u00e0 la bonne destination. Pour nous assurer que tout se passe bien, nous fournissons \u00e9galement les coordonn\u00e9es GPS.<\/p>\n\n\n<p><span style=\"text-decoration: underline;\"><strong>Adresses<\/strong><\/span><\/p>\n<ul>\n<li>Adresse 1 : <strong>1335, Route de Burladis, 47500 Fumel, France<\/strong><\/li>\n<li>Adresse 2 : \u00e0 d\u00e9terminer<\/li>\n<li>A l&#8217;intersection des routes suivantes : Avenue de Bonaguil, chemin de Villefranche et Route de Vignerac, tourner dans la route de Vignerac puis prendre la premi\u00e8re \u00e0 droite.<\/li>\n<\/ul>\n<p><span style=\"text-decoration: underline;\"><strong>Coordonn\u00e9es GPS<\/strong><\/span><\/p>\n<ul>\n<li>D\u00e9cimales : 44.51485208703406, 0.969130299232313<\/li>\n<li>DMS : Latitude &#8211; 44\u00b0 30&#8242; 53.4675&#8243; N, Longitude &#8211; 0\u00b0 58&#8242; 8.8691&#8243; E<\/li>\n<\/ul>","protected":false},"excerpt":{"rendered":"<p>Utilisez le lien suivant pour voir La Maison Carla sur Google Maps : Google Maps Le nom de la rue a \u00e9t\u00e9 r\u00e9cemment chang\u00e9. La Maison Carla se trouve donc&hellip;<\/p>\n","protected":false},"author":1,"featured_media":0,"parent":0,"menu_order":0,"comment_status":"closed","ping_status":"closed","template":"","meta":{"footnotes":""},"yoast_head":"<!-- This site is optimized with the Yoast SEO plugin v22.7 - https:\/\/yoast.com\/wordpress\/plugins\/seo\/ -->\n<title>FR_Locatie - La Maison Carla<\/title>\n<meta name=\"robots\" content=\"index, follow, max-snippet:-1, max-image-preview:large, max-video-preview:-1\" \/>\n<link rel=\"canonical\" href=\"https:\/\/lamaisoncarla.fr\/?page_id=395\" \/>\n<meta property=\"og:locale\" content=\"nl_BE\" \/>\n<meta property=\"og:type\" content=\"article\" \/>\n<meta property=\"og:title\" content=\"FR_Locatie - La Maison Carla\" \/>\n<meta property=\"og:description\" content=\"Utilisez le lien suivant pour voir La Maison Carla sur Google Maps : Google Maps Le nom de la rue a \u00e9t\u00e9 r\u00e9cemment chang\u00e9. La Maison Carla se trouve donc&hellip;\" \/>\n<meta property=\"og:url\" content=\"https:\/\/lamaisoncarla.fr\/?page_id=395\" \/>\n<meta property=\"og:site_name\" content=\"La Maison Carla\" \/>\n<meta property=\"article:modified_time\" content=\"2024-11-25T14:54:35+00:00\" \/>\n<meta name=\"twitter:card\" content=\"summary_large_image\" \/>\n<meta name=\"twitter:label1\" content=\"Geschatte leestijd\" \/>\n\t<meta name=\"twitter:data1\" content=\"1 minuut\" \/>\n<script type=\"application\/ld+json\" class=\"yoast-schema-graph\">{\"@context\":\"https:\/\/schema.org\",\"@graph\":[{\"@type\":\"WebPage\",\"@id\":\"https:\/\/lamaisoncarla.fr\/?page_id=395\",\"url\":\"https:\/\/lamaisoncarla.fr\/?page_id=395\",\"name\":\"FR_Locatie - La Maison Carla\",\"isPartOf\":{\"@id\":\"https:\/\/lamaisoncarla.fr\/#website\"},\"datePublished\":\"2024-05-22T07:14:20+00:00\",\"dateModified\":\"2024-11-25T14:54:35+00:00\",\"breadcrumb\":{\"@id\":\"https:\/\/lamaisoncarla.fr\/?page_id=395#breadcrumb\"},\"inLanguage\":\"nl-BE\",\"potentialAction\":[{\"@type\":\"ReadAction\",\"target\":[\"https:\/\/lamaisoncarla.fr\/?page_id=395\"]}]},{\"@type\":\"BreadcrumbList\",\"@id\":\"https:\/\/lamaisoncarla.fr\/?page_id=395#breadcrumb\",\"itemListElement\":[{\"@type\":\"ListItem\",\"position\":1,\"name\":\"Home\",\"item\":\"https:\/\/lamaisoncarla.fr\/\"},{\"@type\":\"ListItem\",\"position\":2,\"name\":\"FR_Locatie\"}]},{\"@type\":\"WebSite\",\"@id\":\"https:\/\/lamaisoncarla.fr\/#website\",\"url\":\"https:\/\/lamaisoncarla.fr\/\",\"name\":\"La Maison Carla\",\"description\":\"\",\"publisher\":{\"@id\":\"https:\/\/lamaisoncarla.fr\/#organization\"},\"potentialAction\":[{\"@type\":\"SearchAction\",\"target\":{\"@type\":\"EntryPoint\",\"urlTemplate\":\"https:\/\/lamaisoncarla.fr\/?s={search_term_string}\"},\"query-input\":\"required name=search_term_string\"}],\"inLanguage\":\"nl-BE\"},{\"@type\":\"Organization\",\"@id\":\"https:\/\/lamaisoncarla.fr\/#organization\",\"name\":\"La Maison Carla\",\"url\":\"https:\/\/lamaisoncarla.fr\/\",\"logo\":{\"@type\":\"ImageObject\",\"inLanguage\":\"nl-BE\",\"@id\":\"https:\/\/lamaisoncarla.fr\/#\/schema\/logo\/image\/\",\"url\":\"https:\/\/lamaisoncarla.fr\/wp-content\/uploads\/2024\/01\/cropped-Foto-1-1.jpg\",\"contentUrl\":\"https:\/\/lamaisoncarla.fr\/wp-content\/uploads\/2024\/01\/cropped-Foto-1-1.jpg\",\"width\":1600,\"height\":758,\"caption\":\"La Maison Carla\"},\"image\":{\"@id\":\"https:\/\/lamaisoncarla.fr\/#\/schema\/logo\/image\/\"}}]}<\/script>\n<!-- \/ Yoast SEO plugin. -->","yoast_head_json":{"title":"FR_Locatie - La Maison Carla","robots":{"index":"index","follow":"follow","max-snippet":"max-snippet:-1","max-image-preview":"max-image-preview:large","max-video-preview":"max-video-preview:-1"},"canonical":"https:\/\/lamaisoncarla.fr\/?page_id=395","og_locale":"nl_BE","og_type":"article","og_title":"FR_Locatie - La Maison Carla","og_description":"Utilisez le lien suivant pour voir La Maison Carla sur Google Maps : Google Maps Le nom de la rue a \u00e9t\u00e9 r\u00e9cemment chang\u00e9. La Maison Carla se trouve donc&hellip;","og_url":"https:\/\/lamaisoncarla.fr\/?page_id=395","og_site_name":"La Maison Carla","article_modified_time":"2024-11-25T14:54:35+00:00","twitter_card":"summary_large_image","twitter_misc":{"Geschatte leestijd":"1 minuut"},"schema":{"@context":"https:\/\/schema.org","@graph":[{"@type":"WebPage","@id":"https:\/\/lamaisoncarla.fr\/?page_id=395","url":"https:\/\/lamaisoncarla.fr\/?page_id=395","name":"FR_Locatie - La Maison Carla","isPartOf":{"@id":"https:\/\/lamaisoncarla.fr\/#website"},"datePublished":"2024-05-22T07:14:20+00:00","dateModified":"2024-11-25T14:54:35+00:00","breadcrumb":{"@id":"https:\/\/lamaisoncarla.fr\/?page_id=395#breadcrumb"},"inLanguage":"nl-BE","potentialAction":[{"@type":"ReadAction","target":["https:\/\/lamaisoncarla.fr\/?page_id=395"]}]},{"@type":"BreadcrumbList","@id":"https:\/\/lamaisoncarla.fr\/?page_id=395#breadcrumb","itemListElement":[{"@type":"ListItem","position":1,"name":"Home","item":"https:\/\/lamaisoncarla.fr\/"},{"@type":"ListItem","position":2,"name":"FR_Locatie"}]},{"@type":"WebSite","@id":"https:\/\/lamaisoncarla.fr\/#website","url":"https:\/\/lamaisoncarla.fr\/","name":"La Maison Carla","description":"","publisher":{"@id":"https:\/\/lamaisoncarla.fr\/#organization"},"potentialAction":[{"@type":"SearchAction","target":{"@type":"EntryPoint","urlTemplate":"https:\/\/lamaisoncarla.fr\/?s={search_term_string}"},"query-input":"required name=search_term_string"}],"inLanguage":"nl-BE"},{"@type":"Organization","@id":"https:\/\/lamaisoncarla.fr\/#organization","name":"La Maison Carla","url":"https:\/\/lamaisoncarla.fr\/","logo":{"@type":"ImageObject","inLanguage":"nl-BE","@id":"https:\/\/lamaisoncarla.fr\/#\/schema\/logo\/image\/","url":"https:\/\/lamaisoncarla.fr\/wp-content\/uploads\/2024\/01\/cropped-Foto-1-1.jpg","contentUrl":"https:\/\/lamaisoncarla.fr\/wp-content\/uploads\/2024\/01\/cropped-Foto-1-1.jpg","width":1600,"height":758,"caption":"La Maison Carla"},"image":{"@id":"https:\/\/lamaisoncarla.fr\/#\/schema\/logo\/image\/"}}]}},"_links":{"self":[{"href":"https:\/\/lamaisoncarla.fr\/index.php?rest_route=\/wp\/v2\/pages\/395"}],"collection":[{"href":"https:\/\/lamaisoncarla.fr\/index.php?rest_route=\/wp\/v2\/pages"}],"about":[{"href":"https:\/\/lamaisoncarla.fr\/index.php?rest_route=\/wp\/v2\/types\/page"}],"author":[{"embeddable":true,"href":"https:\/\/lamaisoncarla.fr\/index.php?rest_route=\/wp\/v2\/users\/1"}],"replies":[{"embeddable":true,"href":"https:\/\/lamaisoncarla.fr\/index.php?rest_route=%2Fwp%2Fv2%2Fcomments&post=395"}],"version-history":[{"count":3,"href":"https:\/\/lamaisoncarla.fr\/index.php?rest_route=\/wp\/v2\/pages\/395\/revisions"}],"predecessor-version":[{"id":588,"href":"https:\/\/lamaisoncarla.fr\/index.php?rest_route=\/wp\/v2\/pages\/395\/revisions\/588"}],"wp:attachment":[{"href":"https:\/\/lamaisoncarla.fr\/index.php?rest_route=%2Fwp%2Fv2%2Fmedia&parent=395"}],"curies":[{"name":"wp","href":"https:\/\/api.w.org\/{rel}","templated":true}]}}