{"id":361,"date":"2024-05-21T17:43:58","date_gmt":"2024-05-21T15:43:58","guid":{"rendered":"https:\/\/lamaisoncarla.fr\/?page_id=361"},"modified":"2024-11-25T16:06:48","modified_gmt":"2024-11-25T15:06:48","slug":"fr_afspraken","status":"publish","type":"page","link":"https:\/\/lamaisoncarla.fr\/?page_id=361","title":{"rendered":"FR_Afspraken"},"content":{"rendered":"<style>\n        body {<br \/>\n            font-family: Arial, sans-serif;<br \/>\n            margin: 0;<br \/>\n            padding: 0;<br \/>\n        }<br \/>\n        .content {<br \/>\n            flex: 1;<br \/>\n            padding: 20px;<br \/>\n            margin-right: 110px; \/* espace pour la barre lat\u00e9rale *\/<br \/>\n            margin-top: -120px; \/* espace pour l'en-t\u00eate fixe *\/<br \/>\n            background-color: #E3CDFF; \/* couleur de fond pour le contenu de gauche *\/<br \/>\n        }<br \/>\n        .sidebar {<br \/>\n            width: 110px;<br \/>\n            position: fixed;<br \/>\n            right: 0;<br \/>\n            top: 0;<br \/>\n            height: 100%;<br \/>\n            background-color: #E3CDFF;<br \/>\n            padding: 10px;<br \/>\n            box-shadow: -2px 0 5px rgba(0,0,0,0.1);<br \/>\n        }<br \/>\n        .sidebar a {<br \/>\n            display: block;<br \/>\n            padding: 5px;<br \/>\n            margin-bottom: 10px;<br \/>\n            text-decoration: none;<br \/>\n            color: #333;<br \/>\n            background-color: #dd94f7;<br \/>\n            border-radius: 5px;<br \/>\n        }<br \/>\n        .sidebar a:hover {<br \/>\n            background-color: #b300ff;<br \/>\n        }<br \/>\n        .section {<br \/>\n            margin-bottom: 50px;<br \/>\n        }<br \/>\n    <\/style>\n<div class=\"content\">\n<div id=\"section1\" class=\"section\">\n<h2>Prix\/Location<\/h2>\n<p>La Maison Carla est lou\u00e9e uniquement par blocs hebdomadaires pendant les mois d&#8217;\u00e9t\u00e9. L&#8217;arriv\u00e9e et le d\u00e9part se font toujours le samedi. Pour pr\u00e9parer La Maison Carla pour les prochains locataires, nous vous demandons de partir au plus tard \u00e0 10h00. Les nouveaux locataires sont les bienvenus \u00e0 partir de 16h00.<\/p>\n<p><span style=\"text-decoration: underline;\">Prix<\/span><\/p>\n<p>Le prix par semaine, pendant les mois de vacances, est de 2000\u20ac.<br \/>\nNous demandons un acompte de 500\u20ac.<\/p>\n<p>Frais suppl\u00e9mentaires :<\/p>\n<ul>\n<li>Nettoyage final : 150\u20ac &#8211; Le nettoyage final est obligatoire et doit \u00eatre pay\u00e9 sur place.<\/li>\n<li>Taxe de s\u00e9jour : 1.10\u20ac par personne \/ par nuit.<\/li>\n<\/ul>\n<p><span style=\"text-decoration: underline;\">Caution<\/span><\/p>\n<p>La caution est de 500\u20ac. Elle sera rembours\u00e9e apr\u00e8s inspection de la maison. Le remboursement sera effectu\u00e9 au plus tard deux semaines apr\u00e8s le d\u00e9part.<\/p>\n<p><span style=\"text-decoration: underline;\">Annulation<\/span><br \/>\nEn cas d&#8217;annulation, le montant d\u00e9j\u00e0 pay\u00e9 sera pris en compte. Cela signifie qu&#8217;en cas d&#8217;annulation au moins 1 mois \u00e0 l&#8217;avance, 25% du prix de location sera factur\u00e9. En cas d&#8217;annulation \u00e0 moins d&#8217;un mois \u00e0 l&#8217;avance, le montant total est d\u00fb, \u00e0 l&#8217;exception de la caution, qui sera enti\u00e8rement rembours\u00e9e.<br \/>\n<strong>Nous vous recommandons de souscrire une assurance annulation.<\/strong><\/p>\n<\/div>\n<div id=\"section2\" class=\"section\">\n<h2>R\u00e8gles<\/h2>\n<p>Il y a quelques r\u00e8gles \u00e0 suivre. Nous essayons de ne pas \u00eatre trop stricts et directifs ; c&#8217;est finalement des vacances. Mais pour des raisons l\u00e9gales et pour le confort des personnes qui viennent apr\u00e8s vous, certaines r\u00e8gles doivent \u00eatre respect\u00e9es.<\/p>\n<ul>\n<li>Il est interdit de faire des feux ouverts. Le seul endroit o\u00f9 un feu est autoris\u00e9 est dans le barbecue.<\/li>\n<li>La piscine est \u00e9quip\u00e9e d&#8217;une alarme. Cette alarme <span style=\"text-decoration: underline;\"><strong>doit<\/strong> <\/span>\u00eatre activ\u00e9e lorsque la piscine n&#8217;est pas utilis\u00e9e activement.<\/li>\n<li>Si personne n&#8217;est pr\u00e9sent, La Maison Carla doit \u00eatre verrouill\u00e9e et l&#8217;alarme doit \u00eatre activ\u00e9e.<\/li>\n<\/ul>\n<\/div>\n<div id=\"section3\" class=\"section\">\n<h2>Contact<\/h2>\n<p>Nos clients doivent profiter pleinement de leurs vacances. Nous faisons donc tout notre possible pour que la maison soit en parfait \u00e9tat. Cependant, il peut toujours y avoir un probl\u00e8me. Nous en ferons notre priorit\u00e9 pour le r\u00e9soudre d\u00e8s que possible.<br \/>\nPour cela, une carte avec tous les contacts (y compris celui du propri\u00e9taire) dont vous pourriez avoir besoin est pr\u00e9vue dans La Maison Carla.<\/p>\n<p>Il se peut aussi que vous ayez des questions avant votre visite. Vous pouvez les envoyer \u00e0 info@lamaisoncarla.fr. Les langues possibles sont le n\u00e9erlandais, le fran\u00e7ais, l&#8217;allemand et l&#8217;anglais.<\/p>\n<\/div>\n<div id=\"section4\" class=\"section\">\n<h2>Infos<\/h2>\n<p>\u00c0 d\u00e9terminer<\/p>\n<\/div>\n<div id=\"section5\" class=\"section\">\n<h2>Rendez-vous<\/h2>\n<p>\u00c0 d\u00e9terminer<\/p>\n<\/div>\n<\/div>\n<div class=\"sidebar\">\n<h3>N<\/h3>\n<p><a href=\"#section1\">Prix<\/a><br \/>\n<a href=\"#section2\">R\u00e8gles<\/a><br \/>\n<a href=\"#section3\">Contact<\/a><br \/>\n<a href=\"#section4\">Infos<\/a><br \/>\n<a href=\"#section5\">Rendez-vous<\/a><\/p>\n<\/div>\n    <script>\r\n        document.querySelectorAll('.sidebar a').forEach(anchor => {\r\n            anchor.addEventListener('click', function(e) {\r\n                e.preventDefault();\r\n\r\n                const targetId = this.getAttribute('href').substring(1);\r\n                const targetElement = document.getElementById(targetId);\r\n                const headerOffset = 100; \/\/ height of the fixed header\r\n                const elementPosition = targetElement.getBoundingClientRect().top;\r\n                const offsetPosition = elementPosition + window.pageYOffset - headerOffset;\r\n\r\n                window.scrollTo({\r\n                    top: offsetPosition,\r\n                    behavior: 'smooth'\r\n                });\r\n            });\r\n        });\r\n    <\/script>\n","protected":false},"excerpt":{"rendered":"<p>Prix\/Location La Maison Carla est lou\u00e9e uniquement par blocs hebdomadaires pendant les mois d&#8217;\u00e9t\u00e9. L&#8217;arriv\u00e9e et le d\u00e9part se font toujours le samedi. Pour pr\u00e9parer La Maison Carla pour les&hellip;<\/p>\n","protected":false},"author":1,"featured_media":0,"parent":0,"menu_order":0,"comment_status":"closed","ping_status":"closed","template":"","meta":{"footnotes":""},"yoast_head":"<!-- This site is optimized with the Yoast SEO plugin v22.7 - https:\/\/yoast.com\/wordpress\/plugins\/seo\/ -->\n<title>FR_Afspraken - La Maison Carla<\/title>\n<meta name=\"robots\" content=\"index, follow, max-snippet:-1, max-image-preview:large, max-video-preview:-1\" \/>\n<link rel=\"canonical\" href=\"https:\/\/lamaisoncarla.fr\/?page_id=361\" \/>\n<meta property=\"og:locale\" content=\"nl_BE\" \/>\n<meta property=\"og:type\" content=\"article\" \/>\n<meta property=\"og:title\" content=\"FR_Afspraken - La Maison Carla\" \/>\n<meta property=\"og:description\" content=\"Prix\/Location La Maison Carla est lou\u00e9e uniquement par blocs hebdomadaires pendant les mois d&#8217;\u00e9t\u00e9. L&#8217;arriv\u00e9e et le d\u00e9part se font toujours le samedi. Pour pr\u00e9parer La Maison Carla pour les&hellip;\" \/>\n<meta property=\"og:url\" content=\"https:\/\/lamaisoncarla.fr\/?page_id=361\" \/>\n<meta property=\"og:site_name\" content=\"La Maison Carla\" \/>\n<meta property=\"article:modified_time\" content=\"2024-11-25T15:06:48+00:00\" \/>\n<meta name=\"twitter:card\" content=\"summary_large_image\" \/>\n<meta name=\"twitter:label1\" content=\"Geschatte leestijd\" \/>\n\t<meta name=\"twitter:data1\" content=\"2 minuten\" \/>\n<script type=\"application\/ld+json\" class=\"yoast-schema-graph\">{\"@context\":\"https:\/\/schema.org\",\"@graph\":[{\"@type\":\"WebPage\",\"@id\":\"https:\/\/lamaisoncarla.fr\/?page_id=361\",\"url\":\"https:\/\/lamaisoncarla.fr\/?page_id=361\",\"name\":\"FR_Afspraken - La Maison Carla\",\"isPartOf\":{\"@id\":\"https:\/\/lamaisoncarla.fr\/#website\"},\"datePublished\":\"2024-05-21T15:43:58+00:00\",\"dateModified\":\"2024-11-25T15:06:48+00:00\",\"breadcrumb\":{\"@id\":\"https:\/\/lamaisoncarla.fr\/?page_id=361#breadcrumb\"},\"inLanguage\":\"nl-BE\",\"potentialAction\":[{\"@type\":\"ReadAction\",\"target\":[\"https:\/\/lamaisoncarla.fr\/?page_id=361\"]}]},{\"@type\":\"BreadcrumbList\",\"@id\":\"https:\/\/lamaisoncarla.fr\/?page_id=361#breadcrumb\",\"itemListElement\":[{\"@type\":\"ListItem\",\"position\":1,\"name\":\"Home\",\"item\":\"https:\/\/lamaisoncarla.fr\/\"},{\"@type\":\"ListItem\",\"position\":2,\"name\":\"FR_Afspraken\"}]},{\"@type\":\"WebSite\",\"@id\":\"https:\/\/lamaisoncarla.fr\/#website\",\"url\":\"https:\/\/lamaisoncarla.fr\/\",\"name\":\"La Maison Carla\",\"description\":\"\",\"publisher\":{\"@id\":\"https:\/\/lamaisoncarla.fr\/#organization\"},\"potentialAction\":[{\"@type\":\"SearchAction\",\"target\":{\"@type\":\"EntryPoint\",\"urlTemplate\":\"https:\/\/lamaisoncarla.fr\/?s={search_term_string}\"},\"query-input\":\"required name=search_term_string\"}],\"inLanguage\":\"nl-BE\"},{\"@type\":\"Organization\",\"@id\":\"https:\/\/lamaisoncarla.fr\/#organization\",\"name\":\"La Maison Carla\",\"url\":\"https:\/\/lamaisoncarla.fr\/\",\"logo\":{\"@type\":\"ImageObject\",\"inLanguage\":\"nl-BE\",\"@id\":\"https:\/\/lamaisoncarla.fr\/#\/schema\/logo\/image\/\",\"url\":\"https:\/\/lamaisoncarla.fr\/wp-content\/uploads\/2024\/01\/cropped-Foto-1-1.jpg\",\"contentUrl\":\"https:\/\/lamaisoncarla.fr\/wp-content\/uploads\/2024\/01\/cropped-Foto-1-1.jpg\",\"width\":1600,\"height\":758,\"caption\":\"La Maison Carla\"},\"image\":{\"@id\":\"https:\/\/lamaisoncarla.fr\/#\/schema\/logo\/image\/\"}}]}<\/script>\n<!-- \/ Yoast SEO plugin. -->","yoast_head_json":{"title":"FR_Afspraken - La Maison Carla","robots":{"index":"index","follow":"follow","max-snippet":"max-snippet:-1","max-image-preview":"max-image-preview:large","max-video-preview":"max-video-preview:-1"},"canonical":"https:\/\/lamaisoncarla.fr\/?page_id=361","og_locale":"nl_BE","og_type":"article","og_title":"FR_Afspraken - La Maison Carla","og_description":"Prix\/Location La Maison Carla est lou\u00e9e uniquement par blocs hebdomadaires pendant les mois d&#8217;\u00e9t\u00e9. L&#8217;arriv\u00e9e et le d\u00e9part se font toujours le samedi. Pour pr\u00e9parer La Maison Carla pour les&hellip;","og_url":"https:\/\/lamaisoncarla.fr\/?page_id=361","og_site_name":"La Maison Carla","article_modified_time":"2024-11-25T15:06:48+00:00","twitter_card":"summary_large_image","twitter_misc":{"Geschatte leestijd":"2 minuten"},"schema":{"@context":"https:\/\/schema.org","@graph":[{"@type":"WebPage","@id":"https:\/\/lamaisoncarla.fr\/?page_id=361","url":"https:\/\/lamaisoncarla.fr\/?page_id=361","name":"FR_Afspraken - La Maison Carla","isPartOf":{"@id":"https:\/\/lamaisoncarla.fr\/#website"},"datePublished":"2024-05-21T15:43:58+00:00","dateModified":"2024-11-25T15:06:48+00:00","breadcrumb":{"@id":"https:\/\/lamaisoncarla.fr\/?page_id=361#breadcrumb"},"inLanguage":"nl-BE","potentialAction":[{"@type":"ReadAction","target":["https:\/\/lamaisoncarla.fr\/?page_id=361"]}]},{"@type":"BreadcrumbList","@id":"https:\/\/lamaisoncarla.fr\/?page_id=361#breadcrumb","itemListElement":[{"@type":"ListItem","position":1,"name":"Home","item":"https:\/\/lamaisoncarla.fr\/"},{"@type":"ListItem","position":2,"name":"FR_Afspraken"}]},{"@type":"WebSite","@id":"https:\/\/lamaisoncarla.fr\/#website","url":"https:\/\/lamaisoncarla.fr\/","name":"La Maison Carla","description":"","publisher":{"@id":"https:\/\/lamaisoncarla.fr\/#organization"},"potentialAction":[{"@type":"SearchAction","target":{"@type":"EntryPoint","urlTemplate":"https:\/\/lamaisoncarla.fr\/?s={search_term_string}"},"query-input":"required name=search_term_string"}],"inLanguage":"nl-BE"},{"@type":"Organization","@id":"https:\/\/lamaisoncarla.fr\/#organization","name":"La Maison Carla","url":"https:\/\/lamaisoncarla.fr\/","logo":{"@type":"ImageObject","inLanguage":"nl-BE","@id":"https:\/\/lamaisoncarla.fr\/#\/schema\/logo\/image\/","url":"https:\/\/lamaisoncarla.fr\/wp-content\/uploads\/2024\/01\/cropped-Foto-1-1.jpg","contentUrl":"https:\/\/lamaisoncarla.fr\/wp-content\/uploads\/2024\/01\/cropped-Foto-1-1.jpg","width":1600,"height":758,"caption":"La Maison Carla"},"image":{"@id":"https:\/\/lamaisoncarla.fr\/#\/schema\/logo\/image\/"}}]}},"_links":{"self":[{"href":"https:\/\/lamaisoncarla.fr\/index.php?rest_route=\/wp\/v2\/pages\/361"}],"collection":[{"href":"https:\/\/lamaisoncarla.fr\/index.php?rest_route=\/wp\/v2\/pages"}],"about":[{"href":"https:\/\/lamaisoncarla.fr\/index.php?rest_route=\/wp\/v2\/types\/page"}],"author":[{"embeddable":true,"href":"https:\/\/lamaisoncarla.fr\/index.php?rest_route=\/wp\/v2\/users\/1"}],"replies":[{"embeddable":true,"href":"https:\/\/lamaisoncarla.fr\/index.php?rest_route=%2Fwp%2Fv2%2Fcomments&post=361"}],"version-history":[{"count":4,"href":"https:\/\/lamaisoncarla.fr\/index.php?rest_route=\/wp\/v2\/pages\/361\/revisions"}],"predecessor-version":[{"id":591,"href":"https:\/\/lamaisoncarla.fr\/index.php?rest_route=\/wp\/v2\/pages\/361\/revisions\/591"}],"wp:attachment":[{"href":"https:\/\/lamaisoncarla.fr\/index.php?rest_route=%2Fwp%2Fv2%2Fmedia&parent=361"}],"curies":[{"name":"wp","href":"https:\/\/api.w.org\/{rel}","templated":true}]}}