{"id":356,"date":"2024-05-21T17:39:45","date_gmt":"2024-05-21T15:39:45","guid":{"rendered":"https:\/\/lamaisoncarla.fr\/?page_id=356"},"modified":"2024-11-25T15:38:47","modified_gmt":"2024-11-25T14:38:47","slug":"fr_info","status":"publish","type":"page","link":"https:\/\/lamaisoncarla.fr\/?page_id=356","title":{"rendered":"FR_Info"},"content":{"rendered":"\n<figure class=\"wp-block-image size-full is-resized\"><img loading=\"lazy\" width=\"1024\" height=\"676\" src=\"https:\/\/lamaisoncarla.fr\/wp-content\/uploads\/2024\/01\/Aronskelk_small.png\" alt=\"\" class=\"wp-image-39\" style=\"width:auto;height:100px\" srcset=\"https:\/\/lamaisoncarla.fr\/wp-content\/uploads\/2024\/01\/Aronskelk_small.png 1024w, https:\/\/lamaisoncarla.fr\/wp-content\/uploads\/2024\/01\/Aronskelk_small-300x198.png 300w, https:\/\/lamaisoncarla.fr\/wp-content\/uploads\/2024\/01\/Aronskelk_small-768x507.png 768w\" sizes=\"(max-width: 1024px) 100vw, 1024px\" \/><\/figure>\n\n\n<p>Bienvenue dans notre magnifique maison de vacances, situ\u00e9e dans un domaine idyllique et paisible. Cette maison offre tout ce dont vous avez besoin pour un s\u00e9jour d\u00e9tendu et confortable, que vous soyez en week-end avec votre famille ou vos amis, ou que vous planifiez des vacances plus longues. Vous trouverez ci-dessous une description d\u00e9taill\u00e9e des installations et des \u00e9quipements que notre maison de vacances propose.<\/p>\n<h2>Atouts<\/h2>\n<ul>\n<li>Beau jardin avec piscine, chaises longues, bar, barbecue et coins ombrag\u00e9s.<\/li>\n<li><b>WIFI (Fibre) gratuit sur tout le domaine.<\/b><\/li>\n<li>Cuisine, salles de bains et chambres enti\u00e8rement \u00e9quip\u00e9es pour que vous n&#8217;ayez presque rien \u00e0 apporter de chez vous.<\/li>\n<li>Le linge de lit est inclus dans le prix.<\/li>\n<li>Parking gratuit, s\u00e9curis\u00e9 et suffisant.<\/li>\n<li>\u00c0 proximit\u00e9 de toutes les commodit\u00e9s et possibilit\u00e9s de loisirs que la r\u00e9gion offre.<\/li>\n<li>Possibilit\u00e9 de laver et de s\u00e9cher les v\u00eatements.<\/li>\n<li>A\u00e9roport et TGV \u00e0 1 heure de route.<\/li>\n<\/ul>\n<p>La maison de vacances comprend 2 \u00e9tages et peut accueillir 12 personnes.<br \/>En haute saison, les deux \u00e9tages doivent toujours \u00eatre lou\u00e9s ensemble.<\/p>\n<h2>Au premier \u00e9tage, vous trouverez :<\/h2>\n<ul>\n<li>1 salle de bain avec douche dans la baignoire, incluant les serviettes de bain<\/li>\n<li>1 toilette<\/li>\n<li>1 salon avec canap\u00e9, TV (possibilit\u00e9 de regarder toutes les cha\u00eenes de TV) et table \u00e0 manger avec 6 chaises<\/li>\n<li>4 chambres avec moustiquaire, volets et ventilateur\n<ul>\n<li>2 chambres avec lit double<\/li>\n<li>2 chambres avec deux lits simples<\/li>\n<\/ul>\n<\/li>\n<li>Toutes les chambres sont \u00e9quip\u00e9es de literie neuve et fra\u00eeche<\/li>\n<li>Terrasse couverte avec stores solaires autour de toute la maison<\/li>\n<\/ul>\n<h2>Au rez-de-chauss\u00e9e, vous trouverez :<\/h2>\n<ul>\n<li>1 salle de bain avec baignoire et toilette, incluant les serviettes de bain<\/li>\n<li>1 salon avec canap\u00e9 et TV (possibilit\u00e9 de regarder des DVD)<\/li>\n<li>1 cuisine enti\u00e8rement \u00e9quip\u00e9e (incluant machine \u00e0 gla\u00e7ons, 2 r\u00e9frig\u00e9rateurs, ustensiles de cuisine, assiettes, couverts, verres, etc.) avec table \u00e0 manger et 6 chaises<\/li>\n<li>2 chambres avec lit double, volets et literie fra\u00eeche<\/li>\n<li>1 terrasse avec stores solaires et une grande table \u00e0 manger avec 12 chaises<\/li>\n<\/ul>\n<h2>\u00c0 l&#8217;ext\u00e9rieur, vous trouverez :<\/h2>\n<ul>\n<li>Un pavillon ombrag\u00e9 avec si\u00e8ges<\/li>\n<li>Un barbecue en pierre<\/li>\n<li>Une piscine chauff\u00e9e (12m x 5m) avec alarme et nettoyeur<\/li>\n<li>4 chaises longues et un parasol<\/li>\n<li>Bar de piscine avec tabourets et grand r\u00e9frig\u00e9rateur, incluant des verres en plastique<\/li>\n<li>1 table avec chaises au bord de la piscine<\/li>\n<li>1 terrain de p\u00e9tanque<\/li>\n<li>2 buanderies avec machine \u00e0 laver, s\u00e8che-linge, planche et fer \u00e0 repasser<\/li>\n<li>Abri couvert pour v\u00e9los et motos<\/li>\n<li>Parking gratuit suffisant \u00e0 l&#8217;ext\u00e9rieur<\/li>\n<li>Le domaine peut \u00eatre enti\u00e8rement ferm\u00e9 par deux portails d&#8217;acc\u00e8s (attention : les chiens peuvent passer \u00e0 travers la cl\u00f4ture v\u00e9g\u00e9tale)<\/li>\n<\/ul>","protected":false},"excerpt":{"rendered":"<p>Bienvenue dans notre magnifique maison de vacances, situ\u00e9e dans un domaine idyllique et paisible. Cette maison offre tout ce dont vous avez besoin pour un s\u00e9jour d\u00e9tendu et confortable, que&hellip;<\/p>\n","protected":false},"author":1,"featured_media":0,"parent":0,"menu_order":0,"comment_status":"closed","ping_status":"closed","template":"","meta":{"footnotes":""},"yoast_head":"<!-- This site is optimized with the Yoast SEO plugin v22.7 - https:\/\/yoast.com\/wordpress\/plugins\/seo\/ -->\n<title>FR_Info - La Maison Carla<\/title>\n<meta name=\"robots\" content=\"index, follow, max-snippet:-1, max-image-preview:large, max-video-preview:-1\" \/>\n<link rel=\"canonical\" href=\"https:\/\/lamaisoncarla.fr\/?page_id=356\" \/>\n<meta property=\"og:locale\" content=\"nl_BE\" \/>\n<meta property=\"og:type\" content=\"article\" \/>\n<meta property=\"og:title\" content=\"FR_Info - La Maison Carla\" \/>\n<meta property=\"og:description\" content=\"Bienvenue dans notre magnifique maison de vacances, situ\u00e9e dans un domaine idyllique et paisible. Cette maison offre tout ce dont vous avez besoin pour un s\u00e9jour d\u00e9tendu et confortable, que&hellip;\" \/>\n<meta property=\"og:url\" content=\"https:\/\/lamaisoncarla.fr\/?page_id=356\" \/>\n<meta property=\"og:site_name\" content=\"La Maison Carla\" \/>\n<meta property=\"article:modified_time\" content=\"2024-11-25T14:38:47+00:00\" \/>\n<meta property=\"og:image\" content=\"https:\/\/lamaisoncarla.fr\/wp-content\/uploads\/2024\/01\/Aronskelk_small.png\" \/>\n<meta name=\"twitter:card\" content=\"summary_large_image\" \/>\n<meta name=\"twitter:label1\" content=\"Geschatte leestijd\" \/>\n\t<meta name=\"twitter:data1\" content=\"3 minuten\" \/>\n<script type=\"application\/ld+json\" class=\"yoast-schema-graph\">{\"@context\":\"https:\/\/schema.org\",\"@graph\":[{\"@type\":\"WebPage\",\"@id\":\"https:\/\/lamaisoncarla.fr\/?page_id=356\",\"url\":\"https:\/\/lamaisoncarla.fr\/?page_id=356\",\"name\":\"FR_Info - La Maison Carla\",\"isPartOf\":{\"@id\":\"https:\/\/lamaisoncarla.fr\/#website\"},\"primaryImageOfPage\":{\"@id\":\"https:\/\/lamaisoncarla.fr\/?page_id=356#primaryimage\"},\"image\":{\"@id\":\"https:\/\/lamaisoncarla.fr\/?page_id=356#primaryimage\"},\"thumbnailUrl\":\"https:\/\/lamaisoncarla.fr\/wp-content\/uploads\/2024\/01\/Aronskelk_small.png\",\"datePublished\":\"2024-05-21T15:39:45+00:00\",\"dateModified\":\"2024-11-25T14:38:47+00:00\",\"breadcrumb\":{\"@id\":\"https:\/\/lamaisoncarla.fr\/?page_id=356#breadcrumb\"},\"inLanguage\":\"nl-BE\",\"potentialAction\":[{\"@type\":\"ReadAction\",\"target\":[\"https:\/\/lamaisoncarla.fr\/?page_id=356\"]}]},{\"@type\":\"ImageObject\",\"inLanguage\":\"nl-BE\",\"@id\":\"https:\/\/lamaisoncarla.fr\/?page_id=356#primaryimage\",\"url\":\"https:\/\/lamaisoncarla.fr\/wp-content\/uploads\/2024\/01\/Aronskelk_small.png\",\"contentUrl\":\"https:\/\/lamaisoncarla.fr\/wp-content\/uploads\/2024\/01\/Aronskelk_small.png\",\"width\":1024,\"height\":676},{\"@type\":\"BreadcrumbList\",\"@id\":\"https:\/\/lamaisoncarla.fr\/?page_id=356#breadcrumb\",\"itemListElement\":[{\"@type\":\"ListItem\",\"position\":1,\"name\":\"Home\",\"item\":\"https:\/\/lamaisoncarla.fr\/\"},{\"@type\":\"ListItem\",\"position\":2,\"name\":\"FR_Info\"}]},{\"@type\":\"WebSite\",\"@id\":\"https:\/\/lamaisoncarla.fr\/#website\",\"url\":\"https:\/\/lamaisoncarla.fr\/\",\"name\":\"La Maison Carla\",\"description\":\"\",\"publisher\":{\"@id\":\"https:\/\/lamaisoncarla.fr\/#organization\"},\"potentialAction\":[{\"@type\":\"SearchAction\",\"target\":{\"@type\":\"EntryPoint\",\"urlTemplate\":\"https:\/\/lamaisoncarla.fr\/?s={search_term_string}\"},\"query-input\":\"required name=search_term_string\"}],\"inLanguage\":\"nl-BE\"},{\"@type\":\"Organization\",\"@id\":\"https:\/\/lamaisoncarla.fr\/#organization\",\"name\":\"La Maison Carla\",\"url\":\"https:\/\/lamaisoncarla.fr\/\",\"logo\":{\"@type\":\"ImageObject\",\"inLanguage\":\"nl-BE\",\"@id\":\"https:\/\/lamaisoncarla.fr\/#\/schema\/logo\/image\/\",\"url\":\"https:\/\/lamaisoncarla.fr\/wp-content\/uploads\/2024\/01\/cropped-Foto-1-1.jpg\",\"contentUrl\":\"https:\/\/lamaisoncarla.fr\/wp-content\/uploads\/2024\/01\/cropped-Foto-1-1.jpg\",\"width\":1600,\"height\":758,\"caption\":\"La Maison Carla\"},\"image\":{\"@id\":\"https:\/\/lamaisoncarla.fr\/#\/schema\/logo\/image\/\"}}]}<\/script>\n<!-- \/ Yoast SEO plugin. -->","yoast_head_json":{"title":"FR_Info - La Maison Carla","robots":{"index":"index","follow":"follow","max-snippet":"max-snippet:-1","max-image-preview":"max-image-preview:large","max-video-preview":"max-video-preview:-1"},"canonical":"https:\/\/lamaisoncarla.fr\/?page_id=356","og_locale":"nl_BE","og_type":"article","og_title":"FR_Info - La Maison Carla","og_description":"Bienvenue dans notre magnifique maison de vacances, situ\u00e9e dans un domaine idyllique et paisible. Cette maison offre tout ce dont vous avez besoin pour un s\u00e9jour d\u00e9tendu et confortable, que&hellip;","og_url":"https:\/\/lamaisoncarla.fr\/?page_id=356","og_site_name":"La Maison Carla","article_modified_time":"2024-11-25T14:38:47+00:00","og_image":[{"url":"https:\/\/lamaisoncarla.fr\/wp-content\/uploads\/2024\/01\/Aronskelk_small.png"}],"twitter_card":"summary_large_image","twitter_misc":{"Geschatte leestijd":"3 minuten"},"schema":{"@context":"https:\/\/schema.org","@graph":[{"@type":"WebPage","@id":"https:\/\/lamaisoncarla.fr\/?page_id=356","url":"https:\/\/lamaisoncarla.fr\/?page_id=356","name":"FR_Info - La Maison Carla","isPartOf":{"@id":"https:\/\/lamaisoncarla.fr\/#website"},"primaryImageOfPage":{"@id":"https:\/\/lamaisoncarla.fr\/?page_id=356#primaryimage"},"image":{"@id":"https:\/\/lamaisoncarla.fr\/?page_id=356#primaryimage"},"thumbnailUrl":"https:\/\/lamaisoncarla.fr\/wp-content\/uploads\/2024\/01\/Aronskelk_small.png","datePublished":"2024-05-21T15:39:45+00:00","dateModified":"2024-11-25T14:38:47+00:00","breadcrumb":{"@id":"https:\/\/lamaisoncarla.fr\/?page_id=356#breadcrumb"},"inLanguage":"nl-BE","potentialAction":[{"@type":"ReadAction","target":["https:\/\/lamaisoncarla.fr\/?page_id=356"]}]},{"@type":"ImageObject","inLanguage":"nl-BE","@id":"https:\/\/lamaisoncarla.fr\/?page_id=356#primaryimage","url":"https:\/\/lamaisoncarla.fr\/wp-content\/uploads\/2024\/01\/Aronskelk_small.png","contentUrl":"https:\/\/lamaisoncarla.fr\/wp-content\/uploads\/2024\/01\/Aronskelk_small.png","width":1024,"height":676},{"@type":"BreadcrumbList","@id":"https:\/\/lamaisoncarla.fr\/?page_id=356#breadcrumb","itemListElement":[{"@type":"ListItem","position":1,"name":"Home","item":"https:\/\/lamaisoncarla.fr\/"},{"@type":"ListItem","position":2,"name":"FR_Info"}]},{"@type":"WebSite","@id":"https:\/\/lamaisoncarla.fr\/#website","url":"https:\/\/lamaisoncarla.fr\/","name":"La Maison Carla","description":"","publisher":{"@id":"https:\/\/lamaisoncarla.fr\/#organization"},"potentialAction":[{"@type":"SearchAction","target":{"@type":"EntryPoint","urlTemplate":"https:\/\/lamaisoncarla.fr\/?s={search_term_string}"},"query-input":"required name=search_term_string"}],"inLanguage":"nl-BE"},{"@type":"Organization","@id":"https:\/\/lamaisoncarla.fr\/#organization","name":"La Maison Carla","url":"https:\/\/lamaisoncarla.fr\/","logo":{"@type":"ImageObject","inLanguage":"nl-BE","@id":"https:\/\/lamaisoncarla.fr\/#\/schema\/logo\/image\/","url":"https:\/\/lamaisoncarla.fr\/wp-content\/uploads\/2024\/01\/cropped-Foto-1-1.jpg","contentUrl":"https:\/\/lamaisoncarla.fr\/wp-content\/uploads\/2024\/01\/cropped-Foto-1-1.jpg","width":1600,"height":758,"caption":"La Maison Carla"},"image":{"@id":"https:\/\/lamaisoncarla.fr\/#\/schema\/logo\/image\/"}}]}},"_links":{"self":[{"href":"https:\/\/lamaisoncarla.fr\/index.php?rest_route=\/wp\/v2\/pages\/356"}],"collection":[{"href":"https:\/\/lamaisoncarla.fr\/index.php?rest_route=\/wp\/v2\/pages"}],"about":[{"href":"https:\/\/lamaisoncarla.fr\/index.php?rest_route=\/wp\/v2\/types\/page"}],"author":[{"embeddable":true,"href":"https:\/\/lamaisoncarla.fr\/index.php?rest_route=\/wp\/v2\/users\/1"}],"replies":[{"embeddable":true,"href":"https:\/\/lamaisoncarla.fr\/index.php?rest_route=%2Fwp%2Fv2%2Fcomments&post=356"}],"version-history":[{"count":5,"href":"https:\/\/lamaisoncarla.fr\/index.php?rest_route=\/wp\/v2\/pages\/356\/revisions"}],"predecessor-version":[{"id":583,"href":"https:\/\/lamaisoncarla.fr\/index.php?rest_route=\/wp\/v2\/pages\/356\/revisions\/583"}],"wp:attachment":[{"href":"https:\/\/lamaisoncarla.fr\/index.php?rest_route=%2Fwp%2Fv2%2Fmedia&parent=356"}],"curies":[{"name":"wp","href":"https:\/\/api.w.org\/{rel}","templated":true}]}}