{"id":350,"date":"2024-05-21T17:39:11","date_gmt":"2024-05-21T15:39:11","guid":{"rendered":"https:\/\/lamaisoncarla.fr\/?page_id=350"},"modified":"2024-11-25T16:51:26","modified_gmt":"2024-11-25T15:51:26","slug":"fr_omgeving","status":"publish","type":"page","link":"https:\/\/lamaisoncarla.fr\/?page_id=350","title":{"rendered":"FR_Omgeving"},"content":{"rendered":"\n<figure class=\"wp-block-image size-full is-resized\"><img loading=\"lazy\" width=\"1024\" height=\"676\" src=\"https:\/\/lamaisoncarla.fr\/wp-content\/uploads\/2024\/01\/Aronskelk_small.png\" alt=\"\" class=\"wp-image-39\" style=\"width:151px;height:auto\" srcset=\"https:\/\/lamaisoncarla.fr\/wp-content\/uploads\/2024\/01\/Aronskelk_small.png 1024w, https:\/\/lamaisoncarla.fr\/wp-content\/uploads\/2024\/01\/Aronskelk_small-300x198.png 300w, https:\/\/lamaisoncarla.fr\/wp-content\/uploads\/2024\/01\/Aronskelk_small-768x507.png 768w\" sizes=\"(max-width: 1024px) 100vw, 1024px\" \/><\/figure>\n\n\n\n<h2 class=\"wp-block-heading\">Que faire \u00e0 Fumel et ses environs ?<\/h2>\n\n\n\n<h3 class=\"wp-block-heading\">March\u00e9s gourmands\/nocturnes<\/h3>\n\n\n\n<p>Durant les mois d\u2019\u00e9t\u00e9, il y a presque chaque soir un march\u00e9 gourmand dans l\u2019un des villages voisins. Apportez votre propre assiette et vos couverts et asseyez-vous \u00e0 table avec les habitants locaux ou d\u2019autres \u00e9trangers et achetez votre nourriture aupr\u00e8s de l\u2019un des food trucks locaux pr\u00e9sents. Pendant ces march\u00e9s, il y a \u00e9galement de l\u2019animation sous forme de danse et de musique.<\/p>\n\n\n\n<p>Dans la maison de vacances, vous trouverez une brochure avec les dates des march\u00e9s gourmands locaux.<\/p>\n\n\n\n<p><strong>Conseil :<\/strong>&nbsp;Nous avons particuli\u00e8rement appr\u00e9ci\u00e9 le march\u00e9 gourmand du village de Dausse. L\u2019offre des food trucks n\u2019\u00e9tait peut-\u00eatre pas tr\u00e8s vaste, mais nous y avons bien mang\u00e9, bien dans\u00e9 sur la musique live et rencontr\u00e9 des gens sympathiques.<\/p>\n\n\n\n<h3 class=\"wp-block-heading\">March\u00e9s locaux<\/h3>\n\n\n\n<p>Les march\u00e9s locaux vous donnent l\u2019occasion d\u2019acheter quelques produits r\u00e9gionaux aupr\u00e8s des agriculteurs locaux. Ne manquez pas de visiter ces march\u00e9s et de d\u00e9guster les d\u00e9licieux fromages et vins que la r\u00e9gion a \u00e0 offrir.<\/p>\n\n\n\n<p>Dans la maison de vacances, vous trouverez une brochure avec les dates des march\u00e9s du matin locaux. Le petit march\u00e9 de Fumel ne compte que quelques stands. Le plus grand march\u00e9 voisin avec 200 stands se trouve chaque jeudi matin \u00e0 Monsempron-Libos (3,8 km, 6 min).<\/p>\n\n\n\n<h3 class=\"wp-block-heading\">Ch\u00e2teau de Fumel \u2013 office de tourisme \u2013 restaurant La Brasserie (3 km-5 min)<\/h3>\n\n\n\n<p>\u00c0 Fumel, le petit ch\u00e2teau vaut la peine d\u2019\u00eatre visit\u00e9. Il est situ\u00e9 pr\u00e8s de l\u2019office de tourisme et dispose d\u2019un beau jardin qui peut \u00eatre visit\u00e9 gratuitement. Depuis les terrasses, vous avez une vue magnifique sur la vall\u00e9e et la rivi\u00e8re Lot.<\/p>\n\n\n\n<p><strong>Conseil :<\/strong>&nbsp;Allez \u00e0 Fumel le dimanche matin, vous pourrez alors combiner le march\u00e9 (seulement 4 stands&nbsp;avec du poulet frais, du fromage, des l\u00e9gumes\/fruits et du vin) avec une visite du ch\u00e2teau et de l\u2019office de tourisme. Ensuite, vous pouvez \u00e9ventuellement boire ou manger quelque chose sur la place du march\u00e9 voisine, sur la terrasse agr\u00e9able La Brasserie.&nbsp;<a href=\"https:\/\/www.facebook.com\/la.brasserie.fumel\/?locale=nl_NL\">https:\/\/www.facebook.com\/la.brasserie.fumel\/?locale=nl_NL<\/a>.<\/p>\n\n\n\n<h3 class=\"wp-block-heading\">Ch\u00e2teau de Bonaguil \u2013 restaurant Les bons enfants (8 km-13 min)<\/h3>\n\n\n\n<p>Au ch\u00e2teau de Bonaguil, de nombreuses activit\u00e9s sont pr\u00e9vues tout l\u2019\u00e9t\u00e9. Ce magnifique ch\u00e2teau m\u00e9di\u00e9val, sur lequel le ch\u00e2teau de Gargamel dans Les Schtroumpfs est bas\u00e9, m\u00e9rite vraiment une visite. Consultez l\u2019agenda du ch\u00e2teau pour savoir ce qui est organis\u00e9 lorsque vous y \u00eates.<\/p>\n\n\n\n<p><strong>Conseil :<\/strong>&nbsp;Nous avons visit\u00e9 le ch\u00e2teau l\u2019apr\u00e8s-midi et avons ensuite mang\u00e9 quelque chose au restaurant familial Les bons enfants situ\u00e9 au pied du ch\u00e2teau. Contrairement \u00e0 ce qui est \u00e9crit sur TripAdvisor, nous avons re\u00e7u un service rapide et de la nourriture correcte \u00e0 un prix raisonnable. Le soir, vous avez une vue magnifique depuis la terrasse sur le ch\u00e2teau magnifiquement \u00e9clair\u00e9.&nbsp;<a href=\"https:\/\/www.chateau-bonaguil.com\/\">https:\/\/www.chateau-bonaguil.com\/<\/a><\/p>\n\n\n\n<h3 class=\"wp-block-heading\">Ch\u00e2teau de Biron (19,8 km \u2013 24 min)<\/h3>\n\n\n\n<p>La visite de ce ch\u00e2teau est propos\u00e9e en combinaison avec celle de Bonaguil. Dans ce magnifique ch\u00e2teau, situ\u00e9 en fait dans la r\u00e9gion voisine de la Dordogne, de nombreuses activit\u00e9s sont \u00e9galement organis\u00e9es tout l\u2019\u00e9t\u00e9. Consultez l\u2019agenda du ch\u00e2teau pour organiser votre visite.&nbsp;<a href=\"https:\/\/www.chateau-biron.fr\/fr\">https:\/\/www.chateau-biron.fr\/fr<\/a><\/p>\n\n\n\n<h3 class=\"wp-block-heading\">Jolis villages<\/h3>\n\n\n\n<p>Voici une s\u00e9lection des jolis villages des environs qui valent le d\u00e9tour : Touzac (10 km \u2013 14 min), Puy-l\u2019\u00c9v\u00eaque (17,1 km \u2013 21 min), Monflanquin (20 km \u2013 20 min), Monpazier (25,2 km \u2013 29 min), Viller\u00e9al (29,2 km, 30 min), dans la r\u00e9gion du Quercy blanc (35 km, 45 min) (Castelnau-Montratier, Lauzerte, Montaigu-de-Quercy, Montcuq, Roquecor, et le ch\u00e2teau de Brassac)\u2026<\/p>\n\n\n\n<h3 class=\"wp-block-heading\">La rivi\u00e8re le Lot<\/h3>\n\n\n\n<p>Sur et autour de la rivi\u00e8re Lot, vous pouvez faire diverses activit\u00e9s.<\/p>\n\n\n\n<p>Vous pouvez faire plusieurs excursions en bateau guid\u00e9es dans les environs de Fumel. Depuis Fumel m\u00eame, une excursion en bateau part avec un bateau de marchandises fran\u00e7ais traditionnel, une gabarre. Pour les invit\u00e9s n\u00e9erlandophones, cette excursion en bateau est particuli\u00e8rement int\u00e9ressante, car vous pouvez r\u00e9server le guide n\u00e9erlandais Floor, qui vit \u00e0 Fumel depuis de nombreuses ann\u00e9es et conna\u00eet bien la r\u00e9gion. Pour plus d\u2019informations sur toutes les excursions en bateau dans les environs,&nbsp;<a href=\"https:\/\/www.francecomfort.com\/be\/bezienswaardigheden\/344\/Boottocht-op-de-Lot\">cliquez sur ce lien<\/a>.<\/p>\n\n\n\n<p>Dans le village voisin de Montayral (5,1 km \u2013 9 min), vous pouvez louer des cano\u00ebs, des kayaks, des p\u00e9dalos et divers v\u00e9los chez Le temps d\u2019aimer pour explorer les environs du Lot. Les environs sont magnifiques et sur l\u2019eau, il y a suffisamment de lieux pour s\u2019arr\u00eater pour un pique-nique. Consultez leur site web pour plus d\u2019informations :&nbsp;<a href=\"https:\/\/www.tourisme-fumel.com\/en\/fiche\/activites-nautiques\/base-de-loisirs-le-temps-daimer\">https:\/\/www.tourisme-fumel.com\/en\/fiche\/activites-nautiques\/base-de-loisirs-le-temps-daimer<\/a><\/p>\n\n\n\n<p>Nous avons nous-m\u00eames lou\u00e9 un bateau \u00e0 La ferme du Lacay \u00e0 Penne d\u2019Agenais (18,5 km \u2013 24 min) pendant 4 heures, que vous pouvez \u00e9galement conduire vous-m\u00eame sans permis de bateau. Si, comme nous, vous recherchez une sortie calme et relaxante dans un bel environnement, c\u2019est quelque chose pour vous. Nous vous recommandons de r\u00e9server pour un petit suppl\u00e9ment le plus grand bateau, afin que vous puissiez vous d\u00e9placer librement pendant l\u2019excursion en bateau. Pour les enfants, l\u2019excursion sera peut-\u00eatre un peu ennuyeuse.<\/p>\n\n\n\n<p>Pour plus d\u2019informations :&nbsp;<a href=\"https:\/\/www.fermedulacay.com\/content\/16-la-ferme-du-lacay-une-ferme-au-bord-du-lot\">https:\/\/www.fermedulacay.com\/content\/16-la-ferme-du-lacay-une-ferme-au-bord-du-lot<\/a><\/p>\n\n\n\n<h3 class=\"wp-block-heading\">Randonn\u00e9e et cyclisme<\/h3>\n\n\n\n<p>Autour de Fumel, vous pouvez faire plusieurs belles randonn\u00e9es et balades \u00e0 v\u00e9lo. Pour plus d\u2019informations :&nbsp;<a href=\"https:\/\/www.france-voyage.com\/balades\/montayral-commune-16575.htm\">https:\/\/www.france-voyage.com\/balades\/montayral-commune-16575.htm<\/a><\/p>\n\n\n\n<h3 class=\"wp-block-heading\">Gastronomie<\/h3>\n\n\n\n<p>\u00cates-vous int\u00e9ress\u00e9 par les produits r\u00e9gionaux que la r\u00e9gion a \u00e0 offrir ? R\u00e9servez donc une visite d\u2019une ferme de truffes ou visitez l\u2019un des domaines viticoles pour une d\u00e9gustation des c\u00e9l\u00e8bres vins de Cahors.<\/p>\n\n\n\n<p>Nous avons achet\u00e9 des truffes sur un march\u00e9 \u00e0 La distillerie du Grand Nez. Ce producteur de truffes a \u00e9galement cr\u00e9\u00e9 le premier gin fran\u00e7ais \u00e0 base de truffe que vous pouvez go\u00fbter sur son exploitation :&nbsp;<a href=\"https:\/\/www.tourisme-lotetgaronne.com\/degustation\/distillerie-du-grand-nez\/\">https:\/\/www.tourisme-lotetgaronne.com\/degustation\/distillerie-du-grand-nez\/<\/a><\/p>\n\n\n\n<p>Vous souhaitez visiter un domaine viticole ? \u00c0 quelques minutes seulement de la maison, vous pouvez visiter Le domaine du Peyrie. Nous y avons re\u00e7u des explications int\u00e9ressantes sur l\u2019histoire du domaine et la viticulture en g\u00e9n\u00e9ral. Ensuite, nous avons d\u00e9gust\u00e9 quelques-uns de leurs d\u00e9licieux vins de Cahors, avec lesquels ils ont d\u00e9j\u00e0 remport\u00e9 plusieurs prix, et nous avons fait le plein pour nous-m\u00eames.&nbsp;<a href=\"https:\/\/www.vigneron-domainedepeyrie.fr\/\">https:\/\/www.vigneron-domainedepeyrie.fr\/<\/a><\/p>\n\n\n\n<p>Envie de bien manger le soir dans un beau cadre et cela peut co\u00fbter un peu plus cher, alors nous vous recommandons le restaurant Le BistrotChic dans le village voisin de Monsempron-Libos (3,7 km, 6 min).<\/p>\n","protected":false},"excerpt":{"rendered":"<p>Que faire \u00e0 Fumel et ses environs ? March\u00e9s gourmands\/nocturnes Durant les mois d\u2019\u00e9t\u00e9, il y a presque chaque soir un march\u00e9 gourmand dans l\u2019un des villages voisins. Apportez votre&hellip;<\/p>\n","protected":false},"author":1,"featured_media":0,"parent":0,"menu_order":0,"comment_status":"closed","ping_status":"closed","template":"","meta":{"footnotes":""},"yoast_head":"<!-- This site is optimized with the Yoast SEO plugin v22.7 - https:\/\/yoast.com\/wordpress\/plugins\/seo\/ -->\n<title>FR_Omgeving - La Maison Carla<\/title>\n<meta name=\"robots\" content=\"index, follow, max-snippet:-1, max-image-preview:large, max-video-preview:-1\" \/>\n<link rel=\"canonical\" href=\"https:\/\/lamaisoncarla.fr\/?page_id=350\" \/>\n<meta property=\"og:locale\" content=\"nl_BE\" \/>\n<meta property=\"og:type\" content=\"article\" \/>\n<meta property=\"og:title\" content=\"FR_Omgeving - La Maison Carla\" \/>\n<meta property=\"og:description\" content=\"Que faire \u00e0 Fumel et ses environs ? March\u00e9s gourmands\/nocturnes Durant les mois d\u2019\u00e9t\u00e9, il y a presque chaque soir un march\u00e9 gourmand dans l\u2019un des villages voisins. Apportez votre&hellip;\" \/>\n<meta property=\"og:url\" content=\"https:\/\/lamaisoncarla.fr\/?page_id=350\" \/>\n<meta property=\"og:site_name\" content=\"La Maison Carla\" \/>\n<meta property=\"article:modified_time\" content=\"2024-11-25T15:51:26+00:00\" \/>\n<meta property=\"og:image\" content=\"https:\/\/lamaisoncarla.fr\/wp-content\/uploads\/2024\/01\/Aronskelk_small.png\" \/>\n<meta name=\"twitter:card\" content=\"summary_large_image\" \/>\n<meta name=\"twitter:label1\" content=\"Geschatte leestijd\" \/>\n\t<meta name=\"twitter:data1\" content=\"6 minuten\" \/>\n<script type=\"application\/ld+json\" class=\"yoast-schema-graph\">{\"@context\":\"https:\/\/schema.org\",\"@graph\":[{\"@type\":\"WebPage\",\"@id\":\"https:\/\/lamaisoncarla.fr\/?page_id=350\",\"url\":\"https:\/\/lamaisoncarla.fr\/?page_id=350\",\"name\":\"FR_Omgeving - La Maison Carla\",\"isPartOf\":{\"@id\":\"https:\/\/lamaisoncarla.fr\/#website\"},\"primaryImageOfPage\":{\"@id\":\"https:\/\/lamaisoncarla.fr\/?page_id=350#primaryimage\"},\"image\":{\"@id\":\"https:\/\/lamaisoncarla.fr\/?page_id=350#primaryimage\"},\"thumbnailUrl\":\"https:\/\/lamaisoncarla.fr\/wp-content\/uploads\/2024\/01\/Aronskelk_small.png\",\"datePublished\":\"2024-05-21T15:39:11+00:00\",\"dateModified\":\"2024-11-25T15:51:26+00:00\",\"breadcrumb\":{\"@id\":\"https:\/\/lamaisoncarla.fr\/?page_id=350#breadcrumb\"},\"inLanguage\":\"nl-BE\",\"potentialAction\":[{\"@type\":\"ReadAction\",\"target\":[\"https:\/\/lamaisoncarla.fr\/?page_id=350\"]}]},{\"@type\":\"ImageObject\",\"inLanguage\":\"nl-BE\",\"@id\":\"https:\/\/lamaisoncarla.fr\/?page_id=350#primaryimage\",\"url\":\"https:\/\/lamaisoncarla.fr\/wp-content\/uploads\/2024\/01\/Aronskelk_small.png\",\"contentUrl\":\"https:\/\/lamaisoncarla.fr\/wp-content\/uploads\/2024\/01\/Aronskelk_small.png\",\"width\":1024,\"height\":676},{\"@type\":\"BreadcrumbList\",\"@id\":\"https:\/\/lamaisoncarla.fr\/?page_id=350#breadcrumb\",\"itemListElement\":[{\"@type\":\"ListItem\",\"position\":1,\"name\":\"Home\",\"item\":\"https:\/\/lamaisoncarla.fr\/\"},{\"@type\":\"ListItem\",\"position\":2,\"name\":\"FR_Omgeving\"}]},{\"@type\":\"WebSite\",\"@id\":\"https:\/\/lamaisoncarla.fr\/#website\",\"url\":\"https:\/\/lamaisoncarla.fr\/\",\"name\":\"La Maison Carla\",\"description\":\"\",\"publisher\":{\"@id\":\"https:\/\/lamaisoncarla.fr\/#organization\"},\"potentialAction\":[{\"@type\":\"SearchAction\",\"target\":{\"@type\":\"EntryPoint\",\"urlTemplate\":\"https:\/\/lamaisoncarla.fr\/?s={search_term_string}\"},\"query-input\":\"required name=search_term_string\"}],\"inLanguage\":\"nl-BE\"},{\"@type\":\"Organization\",\"@id\":\"https:\/\/lamaisoncarla.fr\/#organization\",\"name\":\"La Maison Carla\",\"url\":\"https:\/\/lamaisoncarla.fr\/\",\"logo\":{\"@type\":\"ImageObject\",\"inLanguage\":\"nl-BE\",\"@id\":\"https:\/\/lamaisoncarla.fr\/#\/schema\/logo\/image\/\",\"url\":\"https:\/\/lamaisoncarla.fr\/wp-content\/uploads\/2024\/01\/cropped-Foto-1-1.jpg\",\"contentUrl\":\"https:\/\/lamaisoncarla.fr\/wp-content\/uploads\/2024\/01\/cropped-Foto-1-1.jpg\",\"width\":1600,\"height\":758,\"caption\":\"La Maison Carla\"},\"image\":{\"@id\":\"https:\/\/lamaisoncarla.fr\/#\/schema\/logo\/image\/\"}}]}<\/script>\n<!-- \/ Yoast SEO plugin. -->","yoast_head_json":{"title":"FR_Omgeving - La Maison Carla","robots":{"index":"index","follow":"follow","max-snippet":"max-snippet:-1","max-image-preview":"max-image-preview:large","max-video-preview":"max-video-preview:-1"},"canonical":"https:\/\/lamaisoncarla.fr\/?page_id=350","og_locale":"nl_BE","og_type":"article","og_title":"FR_Omgeving - La Maison Carla","og_description":"Que faire \u00e0 Fumel et ses environs ? March\u00e9s gourmands\/nocturnes Durant les mois d\u2019\u00e9t\u00e9, il y a presque chaque soir un march\u00e9 gourmand dans l\u2019un des villages voisins. Apportez votre&hellip;","og_url":"https:\/\/lamaisoncarla.fr\/?page_id=350","og_site_name":"La Maison Carla","article_modified_time":"2024-11-25T15:51:26+00:00","og_image":[{"url":"https:\/\/lamaisoncarla.fr\/wp-content\/uploads\/2024\/01\/Aronskelk_small.png"}],"twitter_card":"summary_large_image","twitter_misc":{"Geschatte leestijd":"6 minuten"},"schema":{"@context":"https:\/\/schema.org","@graph":[{"@type":"WebPage","@id":"https:\/\/lamaisoncarla.fr\/?page_id=350","url":"https:\/\/lamaisoncarla.fr\/?page_id=350","name":"FR_Omgeving - La Maison Carla","isPartOf":{"@id":"https:\/\/lamaisoncarla.fr\/#website"},"primaryImageOfPage":{"@id":"https:\/\/lamaisoncarla.fr\/?page_id=350#primaryimage"},"image":{"@id":"https:\/\/lamaisoncarla.fr\/?page_id=350#primaryimage"},"thumbnailUrl":"https:\/\/lamaisoncarla.fr\/wp-content\/uploads\/2024\/01\/Aronskelk_small.png","datePublished":"2024-05-21T15:39:11+00:00","dateModified":"2024-11-25T15:51:26+00:00","breadcrumb":{"@id":"https:\/\/lamaisoncarla.fr\/?page_id=350#breadcrumb"},"inLanguage":"nl-BE","potentialAction":[{"@type":"ReadAction","target":["https:\/\/lamaisoncarla.fr\/?page_id=350"]}]},{"@type":"ImageObject","inLanguage":"nl-BE","@id":"https:\/\/lamaisoncarla.fr\/?page_id=350#primaryimage","url":"https:\/\/lamaisoncarla.fr\/wp-content\/uploads\/2024\/01\/Aronskelk_small.png","contentUrl":"https:\/\/lamaisoncarla.fr\/wp-content\/uploads\/2024\/01\/Aronskelk_small.png","width":1024,"height":676},{"@type":"BreadcrumbList","@id":"https:\/\/lamaisoncarla.fr\/?page_id=350#breadcrumb","itemListElement":[{"@type":"ListItem","position":1,"name":"Home","item":"https:\/\/lamaisoncarla.fr\/"},{"@type":"ListItem","position":2,"name":"FR_Omgeving"}]},{"@type":"WebSite","@id":"https:\/\/lamaisoncarla.fr\/#website","url":"https:\/\/lamaisoncarla.fr\/","name":"La Maison Carla","description":"","publisher":{"@id":"https:\/\/lamaisoncarla.fr\/#organization"},"potentialAction":[{"@type":"SearchAction","target":{"@type":"EntryPoint","urlTemplate":"https:\/\/lamaisoncarla.fr\/?s={search_term_string}"},"query-input":"required name=search_term_string"}],"inLanguage":"nl-BE"},{"@type":"Organization","@id":"https:\/\/lamaisoncarla.fr\/#organization","name":"La Maison Carla","url":"https:\/\/lamaisoncarla.fr\/","logo":{"@type":"ImageObject","inLanguage":"nl-BE","@id":"https:\/\/lamaisoncarla.fr\/#\/schema\/logo\/image\/","url":"https:\/\/lamaisoncarla.fr\/wp-content\/uploads\/2024\/01\/cropped-Foto-1-1.jpg","contentUrl":"https:\/\/lamaisoncarla.fr\/wp-content\/uploads\/2024\/01\/cropped-Foto-1-1.jpg","width":1600,"height":758,"caption":"La Maison Carla"},"image":{"@id":"https:\/\/lamaisoncarla.fr\/#\/schema\/logo\/image\/"}}]}},"_links":{"self":[{"href":"https:\/\/lamaisoncarla.fr\/index.php?rest_route=\/wp\/v2\/pages\/350"}],"collection":[{"href":"https:\/\/lamaisoncarla.fr\/index.php?rest_route=\/wp\/v2\/pages"}],"about":[{"href":"https:\/\/lamaisoncarla.fr\/index.php?rest_route=\/wp\/v2\/types\/page"}],"author":[{"embeddable":true,"href":"https:\/\/lamaisoncarla.fr\/index.php?rest_route=\/wp\/v2\/users\/1"}],"replies":[{"embeddable":true,"href":"https:\/\/lamaisoncarla.fr\/index.php?rest_route=%2Fwp%2Fv2%2Fcomments&post=350"}],"version-history":[{"count":4,"href":"https:\/\/lamaisoncarla.fr\/index.php?rest_route=\/wp\/v2\/pages\/350\/revisions"}],"predecessor-version":[{"id":608,"href":"https:\/\/lamaisoncarla.fr\/index.php?rest_route=\/wp\/v2\/pages\/350\/revisions\/608"}],"wp:attachment":[{"href":"https:\/\/lamaisoncarla.fr\/index.php?rest_route=%2Fwp%2Fv2%2Fmedia&parent=350"}],"curies":[{"name":"wp","href":"https:\/\/api.w.org\/{rel}","templated":true}]}}