{"id":143,"date":"2024-04-29T14:07:15","date_gmt":"2024-04-29T12:07:15","guid":{"rendered":"https:\/\/lamaisoncarla.fr\/?page_id=143"},"modified":"2024-11-23T20:55:15","modified_gmt":"2024-11-23T19:55:15","slug":"fr_home","status":"publish","type":"page","link":"https:\/\/lamaisoncarla.fr\/?page_id=143","title":{"rendered":"FR_Home"},"content":{"rendered":"\n<figure class=\"wp-block-image size-large\"><img loading=\"lazy\" width=\"1024\" height=\"485\" src=\"https:\/\/lamaisoncarla.fr\/wp-content\/uploads\/2024\/01\/cropped-Foto-1-1-1024x485.jpg\" alt=\"\" class=\"wp-image-111\" srcset=\"https:\/\/lamaisoncarla.fr\/wp-content\/uploads\/2024\/01\/cropped-Foto-1-1-1024x485.jpg 1024w, https:\/\/lamaisoncarla.fr\/wp-content\/uploads\/2024\/01\/cropped-Foto-1-1-300x142.jpg 300w, https:\/\/lamaisoncarla.fr\/wp-content\/uploads\/2024\/01\/cropped-Foto-1-1-768x364.jpg 768w, https:\/\/lamaisoncarla.fr\/wp-content\/uploads\/2024\/01\/cropped-Foto-1-1-1536x728.jpg 1536w, https:\/\/lamaisoncarla.fr\/wp-content\/uploads\/2024\/01\/cropped-Foto-1-1.jpg 1600w\" sizes=\"(max-width: 1024px) 100vw, 1024px\" \/><\/figure>\n\n\n\n<p>La maison Carla est une maison de vacances spacieuse, pouvant accueillir 12 personnes, g\u00e9r\u00e9e par des Belges dans la r\u00e9gion du Lot-et-Garonne.<\/p>\n\n\n\n<p>Ces derni\u00e8res ann\u00e9es, le Lot-et-Garonne est devenu une destination de vacances tr\u00e8s pris\u00e9e en France. La r\u00e9gion a beaucoup \u00e0 offrir, tant pour les amateurs de culture que pour les amoureux de la nature. Outre les villages accueillants, vous trouverez de belles randonn\u00e9es p\u00e9destres et cyclistes, et les rivi\u00e8res offrent de nombreuses possibilit\u00e9s de loisirs pour les jeunes et les moins jeunes.<\/p>\n\n\n\n<p>La maison Carla est situ\u00e9e \u00e0 quelques minutes de la ville de Fumel, qui dispose de toutes les commodit\u00e9s (supermarch\u00e9s, pharmacie, station-service, restaurants\u2026). L&#8217;a\u00e9roport et le TGV ne sont qu&#8217;\u00e0 une heure de route.<\/p>\n\n\n\n<p>Vous n&#8217;avez pas envie de sortir ou vous avez besoin de tranquillit\u00e9 ? Notre maison de vacances dispose de tout ce dont vous avez besoin pour passer une journ\u00e9e enti\u00e8re avec votre famille et vos amis. Outre la belle piscine chauff\u00e9e avec bar et grand r\u00e9frig\u00e9rateur, vous trouverez des coins ombrag\u00e9s dans le jardin arbor\u00e9 o\u00f9 vous pourrez tranquillement lire un livre ou jouer \u00e0 la p\u00e9tanque. Si vous aimez cuisiner, vous trouverez dans la cuisine tout l&#8217;\u00e9quipement n\u00e9cessaire pour pr\u00e9parer un repas pour un grand groupe de personnes. Il est \u00e9galement possible de faire des grillades.<\/p>\n\n\n\n<p>Bref, La maison Carla a tout pour vous faire passer des vacances inoubliables et sans souci !<\/p>\n\n\n\n<p>La maison Carla porte le nom de ma d\u00e9funte \u00e9pouse, Carla. Notre r\u00eave commun \u00e9tait d&#8217;acheter une maison en France et d&#8217;y ouvrir une chambre d&#8217;h\u00f4tes. Tant d&#8217;ann\u00e9es plus tard, je peux enfin r\u00e9aliser une petite partie de notre r\u00eave, malheureusement sans elle. En sa m\u00e9moire, la maison porte son nom et dans le logo et le jardin, vous trouverez sa fleur pr\u00e9f\u00e9r\u00e9e, l&#8217;Arum.<\/p>\n\n\n\n<p>Au nom de Carla et de moi-m\u00eame, je vous souhaite un agr\u00e9able s\u00e9jour !<\/p>\n\n\n\n<p><\/p>\n","protected":false},"excerpt":{"rendered":"<p>La maison Carla est une maison de vacances spacieuse, pouvant accueillir 12 personnes, g\u00e9r\u00e9e par des Belges dans la r\u00e9gion du Lot-et-Garonne. Ces derni\u00e8res ann\u00e9es, le Lot-et-Garonne est devenu une&hellip;<\/p>\n","protected":false},"author":1,"featured_media":0,"parent":0,"menu_order":0,"comment_status":"closed","ping_status":"closed","template":"","meta":{"footnotes":""},"yoast_head":"<!-- This site is optimized with the Yoast SEO plugin v22.7 - https:\/\/yoast.com\/wordpress\/plugins\/seo\/ -->\n<title>FR_Home - La Maison Carla<\/title>\n<meta name=\"robots\" content=\"index, follow, max-snippet:-1, max-image-preview:large, max-video-preview:-1\" \/>\n<link rel=\"canonical\" href=\"https:\/\/lamaisoncarla.fr\/?page_id=143\" \/>\n<meta property=\"og:locale\" content=\"nl_BE\" \/>\n<meta property=\"og:type\" content=\"article\" \/>\n<meta property=\"og:title\" content=\"FR_Home - La Maison Carla\" \/>\n<meta property=\"og:description\" content=\"La maison Carla est une maison de vacances spacieuse, pouvant accueillir 12 personnes, g\u00e9r\u00e9e par des Belges dans la r\u00e9gion du Lot-et-Garonne. Ces derni\u00e8res ann\u00e9es, le Lot-et-Garonne est devenu une&hellip;\" \/>\n<meta property=\"og:url\" content=\"https:\/\/lamaisoncarla.fr\/?page_id=143\" \/>\n<meta property=\"og:site_name\" content=\"La Maison Carla\" \/>\n<meta property=\"article:modified_time\" content=\"2024-11-23T19:55:15+00:00\" \/>\n<meta property=\"og:image\" content=\"https:\/\/lamaisoncarla.fr\/wp-content\/uploads\/2024\/01\/cropped-Foto-1-1-1024x485.jpg\" \/>\n<meta name=\"twitter:card\" content=\"summary_large_image\" \/>\n<meta name=\"twitter:label1\" content=\"Geschatte leestijd\" \/>\n\t<meta name=\"twitter:data1\" content=\"2 minuten\" \/>\n<script type=\"application\/ld+json\" class=\"yoast-schema-graph\">{\"@context\":\"https:\/\/schema.org\",\"@graph\":[{\"@type\":\"WebPage\",\"@id\":\"https:\/\/lamaisoncarla.fr\/?page_id=143\",\"url\":\"https:\/\/lamaisoncarla.fr\/?page_id=143\",\"name\":\"FR_Home - La Maison Carla\",\"isPartOf\":{\"@id\":\"https:\/\/lamaisoncarla.fr\/#website\"},\"primaryImageOfPage\":{\"@id\":\"https:\/\/lamaisoncarla.fr\/?page_id=143#primaryimage\"},\"image\":{\"@id\":\"https:\/\/lamaisoncarla.fr\/?page_id=143#primaryimage\"},\"thumbnailUrl\":\"https:\/\/lamaisoncarla.fr\/wp-content\/uploads\/2024\/01\/cropped-Foto-1-1-1024x485.jpg\",\"datePublished\":\"2024-04-29T12:07:15+00:00\",\"dateModified\":\"2024-11-23T19:55:15+00:00\",\"breadcrumb\":{\"@id\":\"https:\/\/lamaisoncarla.fr\/?page_id=143#breadcrumb\"},\"inLanguage\":\"nl-BE\",\"potentialAction\":[{\"@type\":\"ReadAction\",\"target\":[\"https:\/\/lamaisoncarla.fr\/?page_id=143\"]}]},{\"@type\":\"ImageObject\",\"inLanguage\":\"nl-BE\",\"@id\":\"https:\/\/lamaisoncarla.fr\/?page_id=143#primaryimage\",\"url\":\"https:\/\/lamaisoncarla.fr\/wp-content\/uploads\/2024\/01\/cropped-Foto-1-1.jpg\",\"contentUrl\":\"https:\/\/lamaisoncarla.fr\/wp-content\/uploads\/2024\/01\/cropped-Foto-1-1.jpg\",\"width\":1600,\"height\":758},{\"@type\":\"BreadcrumbList\",\"@id\":\"https:\/\/lamaisoncarla.fr\/?page_id=143#breadcrumb\",\"itemListElement\":[{\"@type\":\"ListItem\",\"position\":1,\"name\":\"Home\",\"item\":\"https:\/\/lamaisoncarla.fr\/\"},{\"@type\":\"ListItem\",\"position\":2,\"name\":\"FR_Home\"}]},{\"@type\":\"WebSite\",\"@id\":\"https:\/\/lamaisoncarla.fr\/#website\",\"url\":\"https:\/\/lamaisoncarla.fr\/\",\"name\":\"La Maison Carla\",\"description\":\"\",\"publisher\":{\"@id\":\"https:\/\/lamaisoncarla.fr\/#organization\"},\"potentialAction\":[{\"@type\":\"SearchAction\",\"target\":{\"@type\":\"EntryPoint\",\"urlTemplate\":\"https:\/\/lamaisoncarla.fr\/?s={search_term_string}\"},\"query-input\":\"required name=search_term_string\"}],\"inLanguage\":\"nl-BE\"},{\"@type\":\"Organization\",\"@id\":\"https:\/\/lamaisoncarla.fr\/#organization\",\"name\":\"La Maison Carla\",\"url\":\"https:\/\/lamaisoncarla.fr\/\",\"logo\":{\"@type\":\"ImageObject\",\"inLanguage\":\"nl-BE\",\"@id\":\"https:\/\/lamaisoncarla.fr\/#\/schema\/logo\/image\/\",\"url\":\"https:\/\/lamaisoncarla.fr\/wp-content\/uploads\/2024\/01\/cropped-Foto-1-1.jpg\",\"contentUrl\":\"https:\/\/lamaisoncarla.fr\/wp-content\/uploads\/2024\/01\/cropped-Foto-1-1.jpg\",\"width\":1600,\"height\":758,\"caption\":\"La Maison Carla\"},\"image\":{\"@id\":\"https:\/\/lamaisoncarla.fr\/#\/schema\/logo\/image\/\"}}]}<\/script>\n<!-- \/ Yoast SEO plugin. -->","yoast_head_json":{"title":"FR_Home - La Maison Carla","robots":{"index":"index","follow":"follow","max-snippet":"max-snippet:-1","max-image-preview":"max-image-preview:large","max-video-preview":"max-video-preview:-1"},"canonical":"https:\/\/lamaisoncarla.fr\/?page_id=143","og_locale":"nl_BE","og_type":"article","og_title":"FR_Home - La Maison Carla","og_description":"La maison Carla est une maison de vacances spacieuse, pouvant accueillir 12 personnes, g\u00e9r\u00e9e par des Belges dans la r\u00e9gion du Lot-et-Garonne. Ces derni\u00e8res ann\u00e9es, le Lot-et-Garonne est devenu une&hellip;","og_url":"https:\/\/lamaisoncarla.fr\/?page_id=143","og_site_name":"La Maison Carla","article_modified_time":"2024-11-23T19:55:15+00:00","og_image":[{"url":"https:\/\/lamaisoncarla.fr\/wp-content\/uploads\/2024\/01\/cropped-Foto-1-1-1024x485.jpg"}],"twitter_card":"summary_large_image","twitter_misc":{"Geschatte leestijd":"2 minuten"},"schema":{"@context":"https:\/\/schema.org","@graph":[{"@type":"WebPage","@id":"https:\/\/lamaisoncarla.fr\/?page_id=143","url":"https:\/\/lamaisoncarla.fr\/?page_id=143","name":"FR_Home - La Maison Carla","isPartOf":{"@id":"https:\/\/lamaisoncarla.fr\/#website"},"primaryImageOfPage":{"@id":"https:\/\/lamaisoncarla.fr\/?page_id=143#primaryimage"},"image":{"@id":"https:\/\/lamaisoncarla.fr\/?page_id=143#primaryimage"},"thumbnailUrl":"https:\/\/lamaisoncarla.fr\/wp-content\/uploads\/2024\/01\/cropped-Foto-1-1-1024x485.jpg","datePublished":"2024-04-29T12:07:15+00:00","dateModified":"2024-11-23T19:55:15+00:00","breadcrumb":{"@id":"https:\/\/lamaisoncarla.fr\/?page_id=143#breadcrumb"},"inLanguage":"nl-BE","potentialAction":[{"@type":"ReadAction","target":["https:\/\/lamaisoncarla.fr\/?page_id=143"]}]},{"@type":"ImageObject","inLanguage":"nl-BE","@id":"https:\/\/lamaisoncarla.fr\/?page_id=143#primaryimage","url":"https:\/\/lamaisoncarla.fr\/wp-content\/uploads\/2024\/01\/cropped-Foto-1-1.jpg","contentUrl":"https:\/\/lamaisoncarla.fr\/wp-content\/uploads\/2024\/01\/cropped-Foto-1-1.jpg","width":1600,"height":758},{"@type":"BreadcrumbList","@id":"https:\/\/lamaisoncarla.fr\/?page_id=143#breadcrumb","itemListElement":[{"@type":"ListItem","position":1,"name":"Home","item":"https:\/\/lamaisoncarla.fr\/"},{"@type":"ListItem","position":2,"name":"FR_Home"}]},{"@type":"WebSite","@id":"https:\/\/lamaisoncarla.fr\/#website","url":"https:\/\/lamaisoncarla.fr\/","name":"La Maison Carla","description":"","publisher":{"@id":"https:\/\/lamaisoncarla.fr\/#organization"},"potentialAction":[{"@type":"SearchAction","target":{"@type":"EntryPoint","urlTemplate":"https:\/\/lamaisoncarla.fr\/?s={search_term_string}"},"query-input":"required name=search_term_string"}],"inLanguage":"nl-BE"},{"@type":"Organization","@id":"https:\/\/lamaisoncarla.fr\/#organization","name":"La Maison Carla","url":"https:\/\/lamaisoncarla.fr\/","logo":{"@type":"ImageObject","inLanguage":"nl-BE","@id":"https:\/\/lamaisoncarla.fr\/#\/schema\/logo\/image\/","url":"https:\/\/lamaisoncarla.fr\/wp-content\/uploads\/2024\/01\/cropped-Foto-1-1.jpg","contentUrl":"https:\/\/lamaisoncarla.fr\/wp-content\/uploads\/2024\/01\/cropped-Foto-1-1.jpg","width":1600,"height":758,"caption":"La Maison Carla"},"image":{"@id":"https:\/\/lamaisoncarla.fr\/#\/schema\/logo\/image\/"}}]}},"_links":{"self":[{"href":"https:\/\/lamaisoncarla.fr\/index.php?rest_route=\/wp\/v2\/pages\/143"}],"collection":[{"href":"https:\/\/lamaisoncarla.fr\/index.php?rest_route=\/wp\/v2\/pages"}],"about":[{"href":"https:\/\/lamaisoncarla.fr\/index.php?rest_route=\/wp\/v2\/types\/page"}],"author":[{"embeddable":true,"href":"https:\/\/lamaisoncarla.fr\/index.php?rest_route=\/wp\/v2\/users\/1"}],"replies":[{"embeddable":true,"href":"https:\/\/lamaisoncarla.fr\/index.php?rest_route=%2Fwp%2Fv2%2Fcomments&post=143"}],"version-history":[{"count":13,"href":"https:\/\/lamaisoncarla.fr\/index.php?rest_route=\/wp\/v2\/pages\/143\/revisions"}],"predecessor-version":[{"id":572,"href":"https:\/\/lamaisoncarla.fr\/index.php?rest_route=\/wp\/v2\/pages\/143\/revisions\/572"}],"wp:attachment":[{"href":"https:\/\/lamaisoncarla.fr\/index.php?rest_route=%2Fwp%2Fv2%2Fmedia&parent=143"}],"curies":[{"name":"wp","href":"https:\/\/api.w.org\/{rel}","templated":true}]}}